{"id":347,"date":"2026-01-03T12:32:37","date_gmt":"2026-01-03T10:32:37","guid":{"rendered":"https:\/\/yoga-doc-marion.com\/?page_id=347"},"modified":"2026-04-29T11:43:05","modified_gmt":"2026-04-29T09:43:05","slug":"tarifs","status":"publish","type":"page","link":"https:\/\/yoga-doc-marion.com\/index.php\/tarifs\/","title":{"rendered":"Tarifs"},"content":{"rendered":"\n<p><\/p>\n\n\n\n<p>Retrouvez ci-dessous les <strong>tarifs des s\u00e9ances de yogath\u00e9rapie et des cours de yoga <\/strong>\u00e0 Biarritz et <strong>sur la c\u00f4te basque<\/strong>, que je propose. S\u00e9ances individuelles, cours particuliers et cours collectifs \u2014 <strong>une offre adapt\u00e9e \u00e0 chaque besoin et chaque budget<\/strong>.<\/p>\n\n\n\n<p><\/p>\n\n\n\n<hr class=\"wp-block-separator has-alpha-channel-opacity\"\/>\n\n\n\n<div class=\"wp-block-media-text has-media-on-the-right is-stacked-on-mobile\" style=\"grid-template-columns:auto 25%\"><div class=\"wp-block-media-text__content\">\n<h2 class=\"wp-block-heading\" id=\"h-accompagnement-en-yogatherapie\">Accompagnement en yogath\u00e9rapie<\/h2>\n\n\n\n<ul class=\"wp-block-list\">\n<li>Premi\u00e8re s\u00e9ance (1h-1h30) : 120 \u20ac<\/li>\n\n\n\n<li>S\u00e9ance de suivi (30-45 min) : 60 \u20ac<\/li>\n\n\n\n<li>D\u00e9placement \u00e0 domicile :\n<ul class=\"wp-block-list\">\n<li>Bidart\/Biarritz : offert<\/li>\n\n\n\n<li>BAB, Gu\u00e9thary, St Jean de Luz, Arbonne, Ahetze, Bassussarry : + 10 \u20ac<\/li>\n\n\n\n<li>Hendaye, St P\u00e9e sur Nivelle, Cambo-les-Bains, Ustaritz, Mouguerre, Briscous : + 20 \u20ac<\/li>\n\n\n\n<li>au-del\u00e0 : sur devis<\/li>\n<\/ul>\n<\/li>\n<\/ul>\n<\/div><figure class=\"wp-block-media-text__media\"><img loading=\"lazy\" decoding=\"async\" width=\"500\" height=\"500\" src=\"http:\/\/yoga-doc-marion.com\/wp-content\/uploads\/2026\/01\/3-removebg-preview.png\" alt=\"\" class=\"wp-image-635 size-full\" srcset=\"https:\/\/yoga-doc-marion.com\/wp-content\/uploads\/2026\/01\/3-removebg-preview.png 500w, https:\/\/yoga-doc-marion.com\/wp-content\/uploads\/2026\/01\/3-removebg-preview-300x300.png 300w, https:\/\/yoga-doc-marion.com\/wp-content\/uploads\/2026\/01\/3-removebg-preview-150x150.png 150w\" sizes=\"auto, (max-width: 500px) 100vw, 500px\" \/><\/figure><\/div>\n\n\n\n<div class=\"wp-block-media-text has-media-on-the-right is-stacked-on-mobile\" style=\"grid-template-columns:auto 25%\"><div class=\"wp-block-media-text__content\">\n<h2 class=\"wp-block-heading\" id=\"h-cours-particuliers-de-yoga\">Cours particuliers de yoga<\/h2>\n\n\n\n<ul class=\"wp-block-list\">\n<li>cours \u00e0 l&#8217;unit\u00e9 (1h) : 60 \u20ac \/ cours, valable 1 mois*<\/li>\n\n\n\n<li>carte de 5 cours : 275 \u20ac (soit 55 \u20ac \/ cours), valable 3 mois*<\/li>\n\n\n\n<li>carte de 10 cours : 500 \u20ac (soit 50 \u20ac \/ cours), valable 6 mois*<\/li>\n\n\n\n<li>d\u00e9placement \u00e0 domicile :\n<ul class=\"wp-block-list\">\n<li>Bidart\/Biarritz : offert<\/li>\n\n\n\n<li>BAB, Gu\u00e9thary, St Jean de Luz, Arbonne, Ahetze, Bassussarry : + 10 \u20ac<\/li>\n\n\n\n<li>Hendaye, St P\u00e9e sur Nivelle, Cambo-les-Bains, Ustaritz, Mouguerre, Briscous : + 20 \u20ac<\/li>\n\n\n\n<li>au-del\u00e0 : sur devis<\/li>\n<\/ul>\n<\/li>\n\n\n\n<li>pour tout \u00e9v\u00e8nement privatif (r\u00e9union familiale, EVJF, s\u00e9minaire d&#8217;entreprise, etc.) : sur devis<\/li>\n<\/ul>\n\n\n\n<p>*A compter de la date d\u2019achat. Pass\u00e9 ce d\u00e9lai, les prestations non utilis\u00e9es seront consid\u00e9r\u00e9es comme perdues. Aucun remboursement ne pourra \u00eatre exig\u00e9.<\/p>\n<\/div><figure class=\"wp-block-media-text__media\"><img loading=\"lazy\" decoding=\"async\" width=\"500\" height=\"500\" src=\"http:\/\/yoga-doc-marion.com\/wp-content\/uploads\/2026\/01\/10-removebg-preview.png\" alt=\"\" class=\"wp-image-637 size-full\" srcset=\"https:\/\/yoga-doc-marion.com\/wp-content\/uploads\/2026\/01\/10-removebg-preview.png 500w, https:\/\/yoga-doc-marion.com\/wp-content\/uploads\/2026\/01\/10-removebg-preview-300x300.png 300w, https:\/\/yoga-doc-marion.com\/wp-content\/uploads\/2026\/01\/10-removebg-preview-150x150.png 150w\" sizes=\"auto, (max-width: 500px) 100vw, 500px\" \/><\/figure><\/div>\n\n\n\n<div class=\"wp-block-media-text has-media-on-the-right is-stacked-on-mobile\" style=\"grid-template-columns:auto 25%\"><div class=\"wp-block-media-text__content\">\n<h2 class=\"wp-block-heading\" id=\"h-cours-collectifs-de-yoga\">Cours collectifs de yoga<\/h2>\n\n\n\n<ul class=\"wp-block-list\">\n<li>cours \u00e0 l&#8217;unit\u00e9 (1h) : 15 \u20ac \/ cours, valable 1 mois*<\/li>\n\n\n\n<li>carte de 5 cours : 60 \u20ac (soit 12 \u20ac \/ cours), valable 3 mois*<\/li>\n\n\n\n<li>carte de 10 cours : 110 \u20ac (soit 11 \u20ac \/ cours), valable 6 mois*<\/li>\n\n\n\n<li>pour des cours collectifs en entreprise : sur devis<\/li>\n<\/ul>\n\n\n\n<p>*A compter de la date d\u2019achat. Pass\u00e9 ce d\u00e9lai, les prestations non utilis\u00e9es seront consid\u00e9r\u00e9es comme perdues. Aucun remboursement ne pourra \u00eatre exig\u00e9.<\/p>\n<\/div><figure class=\"wp-block-media-text__media\"><img loading=\"lazy\" decoding=\"async\" width=\"500\" height=\"500\" src=\"http:\/\/yoga-doc-marion.com\/wp-content\/uploads\/2026\/01\/17-removebg-preview.png\" alt=\"\" class=\"wp-image-638 size-full\" srcset=\"https:\/\/yoga-doc-marion.com\/wp-content\/uploads\/2026\/01\/17-removebg-preview.png 500w, https:\/\/yoga-doc-marion.com\/wp-content\/uploads\/2026\/01\/17-removebg-preview-300x300.png 300w, https:\/\/yoga-doc-marion.com\/wp-content\/uploads\/2026\/01\/17-removebg-preview-150x150.png 150w\" sizes=\"auto, (max-width: 500px) 100vw, 500px\" \/><\/figure><\/div>\n\n\n\n<p><\/p>\n\n\n\n<hr class=\"wp-block-separator has-alpha-channel-opacity\"\/>\n\n\n\n<div class=\"wp-block-buttons has-custom-font-size has-small-font-size is-content-justification-center is-layout-flex wp-container-core-buttons-is-layout-16018d1d wp-block-buttons-is-layout-flex\">\n<div class=\"wp-block-button\"><a class=\"wp-block-button__link has-background wp-element-button\" href=\"https:\/\/yoga-doc-marion.com\/index.php\/qui-suis-je\/\" style=\"background-color:#126591\"><span class=\"wp-rich-text-font-awesome-icon wp-font-awesome-icon\"><svg aria-hidden=\"true\" focusable=\"false\" data-prefix=\"fas\" data-icon=\"comment-dots\" class=\"svg-inline--fa fa-comment-dots \" role=\"img\" xmlns=\"http:\/\/www.w3.org\/2000\/svg\" viewBox=\"0 0 512 512\"><path fill=\"currentColor\" d=\"M256 480c141.4 0 256-107.5 256-240S397.4 0 256 0 0 107.5 0 240c0 54.3 19.2 104.3 51.6 144.5L2.8 476.8c-4.8 9-3.3 20 3.6 27.5s17.8 9.8 27.1 5.8l118.4-50.7C183.7 472.6 218.9 480 256 480zM128 208a32 32 0 1 1 0 64 32 32 0 1 1 0-64zm128 0a32 32 0 1 1 0 64 32 32 0 1 1 0-64zm96 32a32 32 0 1 1 64 0 32 32 0 1 1 -64 0z\"><\/path><\/svg><\/span> Qui suis-je ?<\/a><\/div>\n\n\n\n<div class=\"wp-block-button\"><a class=\"wp-block-button__link has-background wp-element-button\" href=\"https:\/\/yoga-doc-marion.com\/index.php\/mes-accompagnements\/\" style=\"background-color:#126591\"><span class=\"wp-rich-text-font-awesome-icon wp-font-awesome-icon\"><svg aria-hidden=\"true\" focusable=\"false\" data-prefix=\"fas\" data-icon=\"heart\" class=\"svg-inline--fa fa-heart \" role=\"img\" xmlns=\"http:\/\/www.w3.org\/2000\/svg\" viewBox=\"0 0 512 512\"><path fill=\"currentColor\" d=\"M241 87.1l15 20.7 15-20.7C296 52.5 336.2 32 378.9 32 452.4 32 512 91.6 512 165.1l0 2.6c0 112.2-139.9 242.5-212.9 298.2-12.4 9.4-27.6 14.1-43.1 14.1s-30.8-4.6-43.1-14.1C139.9 410.2 0 279.9 0 167.7l0-2.6C0 91.6 59.6 32 133.1 32 175.8 32 216 52.5 241 87.1z\"><\/path><\/svg><\/span> Mes accompagnements<\/a><\/div>\n\n\n\n<div class=\"wp-block-button\"><a class=\"wp-block-button__link has-background wp-element-button\" href=\"https:\/\/yoga-doc-marion.com\/index.php\/faq\" style=\"background-color:#126591\"><span class=\"wp-rich-text-font-awesome-icon wp-font-awesome-icon\"><svg aria-hidden=\"true\" focusable=\"false\" data-prefix=\"fas\" data-icon=\"spa\" class=\"svg-inline--fa fa-spa \" role=\"img\" xmlns=\"http:\/\/www.w3.org\/2000\/svg\" viewBox=\"0 0 576 512\"><path fill=\"currentColor\" d=\"M169.7 227.5c34.3 18.7 64.5 44.1 88.8 74.5 11.1 13.9 21 28.9 29.4 44.8 8.5-15.9 18.3-30.8 29.4-44.8 24.3-30.5 54.5-55.9 88.8-74.5 41.7-22.7 89.4-35.5 139.7-35.5l9.9 0c11.1 0 20.1 9 20.1 20.1 0 148-119.9 267.9-267.9 267.9l-40.2 0C119.9 480 0 360.1 0 212.1 0 201 9 192 20.1 192l9.9 0c50.4 0 98.1 12.8 139.7 35.5zM303.9 38c16.9 15.9 61.4 63.4 89 142.3-40.1 20.2-75.8 48.2-104.9 82.1-29.2-33.9-64.8-61.8-104.9-82.1 27.6-78.9 72.2-126.4 89-142.3 4.3-4.1 10-6 15.9-6s11.6 2 15.9 6z\"><\/path><\/svg><\/span> La Yogath\u00e9rapie<\/a><\/div>\n\n\n\n<div class=\"wp-block-button\"><a class=\"wp-block-button__link has-background wp-element-button\" href=\"https:\/\/yoga-doc-marion.com\/index.php\/me-contacter\" style=\"background-color:#126591\"><span class=\"wp-rich-text-font-awesome-icon wp-font-awesome-icon\"><svg aria-hidden=\"true\" focusable=\"false\" data-prefix=\"fas\" data-icon=\"envelope\" class=\"svg-inline--fa fa-envelope \" role=\"img\" xmlns=\"http:\/\/www.w3.org\/2000\/svg\" viewBox=\"0 0 512 512\"><path fill=\"currentColor\" d=\"M48 64c-26.5 0-48 21.5-48 48 0 15.1 7.1 29.3 19.2 38.4l208 156c17.1 12.8 40.5 12.8 57.6 0l208-156c12.1-9.1 19.2-23.3 19.2-38.4 0-26.5-21.5-48-48-48L48 64zM0 196L0 384c0 35.3 28.7 64 64 64l384 0c35.3 0 64-28.7 64-64l0-188-198.4 148.8c-34.1 25.6-81.1 25.6-115.2 0L0 196z\"><\/path><\/svg><\/span> Me contacter<\/a><\/div>\n<\/div>\n\n\n\n<hr class=\"wp-block-separator has-alpha-channel-opacity\"\/>\n\n\n\n<p><\/p>\n","protected":false},"excerpt":{"rendered":"<p>Retrouvez ci-dessous les tarifs des s\u00e9ances de yogath\u00e9rapie et des cours de yoga \u00e0 Biarritz et sur la c\u00f4te basque, que je propose. S\u00e9ances individuelles, cours particuliers et cours collectifs \u2014 une offre adapt\u00e9e \u00e0 chaque besoin et chaque budget.<\/p>\n","protected":false},"author":1,"featured_media":421,"parent":0,"menu_order":0,"comment_status":"closed","ping_status":"closed","template":"","meta":{"footnotes":""},"class_list":["post-347","page","type-page","status-publish","has-post-thumbnail"],"yoast_head":"<!-- This site is optimized with the Yoast SEO Premium plugin v26.7 (Yoast SEO v27.5) - https:\/\/yoast.com\/product\/yoast-seo-premium-wordpress\/ -->\n<title>Tarifs Yogath\u00e9rapie &amp; Cours de Yoga \u00e0 Biarritz | Yoga Doc Marion<\/title>\n<meta name=\"description\" content=\"Tarifs des s\u00e9ances de yogath\u00e9rapie et cours de yoga \u00e0 Biarritz. S\u00e9ances individuelles sur-mesure et cours collectifs au Pays Basque.\" \/>\n<meta name=\"robots\" content=\"index, follow, max-snippet:-1, max-image-preview:large, max-video-preview:-1\" \/>\n<link rel=\"canonical\" href=\"http:\/\/yoga-doc-marion.com\/index.php\/tarifs\/\" \/>\n<meta property=\"og:locale\" content=\"en_US\" \/>\n<meta property=\"og:type\" content=\"article\" \/>\n<meta property=\"og:title\" content=\"Tarifs\" \/>\n<meta property=\"og:description\" content=\"Tarifs des s\u00e9ances de yogath\u00e9rapie et cours de yoga \u00e0 Biarritz. S\u00e9ances individuelles sur-mesure et cours collectifs au Pays Basque.\" \/>\n<meta property=\"og:url\" content=\"http:\/\/yoga-doc-marion.com\/index.php\/tarifs\/\" \/>\n<meta property=\"og:site_name\" content=\"Yoga Doc Marion\" \/>\n<meta property=\"article:modified_time\" content=\"2026-04-29T09:43:05+00:00\" \/>\n<meta property=\"og:image\" content=\"http:\/\/yoga-doc-marion.com\/wp-content\/uploads\/2025\/12\/20171224_155923.jpg\" \/>\n\t<meta property=\"og:image:width\" content=\"2560\" \/>\n\t<meta property=\"og:image:height\" content=\"1536\" \/>\n\t<meta property=\"og:image:type\" content=\"image\/jpeg\" \/>\n<meta name=\"twitter:card\" content=\"summary_large_image\" \/>\n<meta name=\"twitter:label1\" content=\"Est. reading time\" \/>\n\t<meta name=\"twitter:data1\" content=\"6 minutes\" \/>\n<script type=\"application\/ld+json\" class=\"yoast-schema-graph\">{\"@context\":\"https:\\\/\\\/schema.org\",\"@graph\":[{\"@type\":\"WebPage\",\"@id\":\"http:\\\/\\\/yoga-doc-marion.com\\\/index.php\\\/tarifs\\\/\",\"url\":\"http:\\\/\\\/yoga-doc-marion.com\\\/index.php\\\/tarifs\\\/\",\"name\":\"Tarifs Yogath\u00e9rapie & Cours de Yoga \u00e0 Biarritz | Yoga Doc Marion\",\"isPartOf\":{\"@id\":\"https:\\\/\\\/yoga-doc-marion.com\\\/#website\"},\"primaryImageOfPage\":{\"@id\":\"http:\\\/\\\/yoga-doc-marion.com\\\/index.php\\\/tarifs\\\/#primaryimage\"},\"image\":{\"@id\":\"http:\\\/\\\/yoga-doc-marion.com\\\/index.php\\\/tarifs\\\/#primaryimage\"},\"thumbnailUrl\":\"https:\\\/\\\/yoga-doc-marion.com\\\/wp-content\\\/uploads\\\/2025\\\/12\\\/20171224_155923.jpg\",\"datePublished\":\"2026-01-03T10:32:37+00:00\",\"dateModified\":\"2026-04-29T09:43:05+00:00\",\"description\":\"Tarifs des s\u00e9ances de yogath\u00e9rapie et cours de yoga \u00e0 Biarritz. S\u00e9ances individuelles sur-mesure et cours collectifs au Pays Basque.\",\"breadcrumb\":{\"@id\":\"http:\\\/\\\/yoga-doc-marion.com\\\/index.php\\\/tarifs\\\/#breadcrumb\"},\"inLanguage\":\"en-US\",\"potentialAction\":[{\"@type\":\"ReadAction\",\"target\":[\"http:\\\/\\\/yoga-doc-marion.com\\\/index.php\\\/tarifs\\\/\"]}]},{\"@type\":\"ImageObject\",\"inLanguage\":\"en-US\",\"@id\":\"http:\\\/\\\/yoga-doc-marion.com\\\/index.php\\\/tarifs\\\/#primaryimage\",\"url\":\"https:\\\/\\\/yoga-doc-marion.com\\\/wp-content\\\/uploads\\\/2025\\\/12\\\/20171224_155923.jpg\",\"contentUrl\":\"https:\\\/\\\/yoga-doc-marion.com\\\/wp-content\\\/uploads\\\/2025\\\/12\\\/20171224_155923.jpg\",\"width\":2560,\"height\":1536},{\"@type\":\"BreadcrumbList\",\"@id\":\"http:\\\/\\\/yoga-doc-marion.com\\\/index.php\\\/tarifs\\\/#breadcrumb\",\"itemListElement\":[{\"@type\":\"ListItem\",\"position\":1,\"name\":\"Home\",\"item\":\"https:\\\/\\\/yoga-doc-marion.com\\\/\"},{\"@type\":\"ListItem\",\"position\":2,\"name\":\"Tarifs\"}]},{\"@type\":\"WebSite\",\"@id\":\"https:\\\/\\\/yoga-doc-marion.com\\\/#website\",\"url\":\"https:\\\/\\\/yoga-doc-marion.com\\\/\",\"name\":\"Yoga Doc Marion\",\"description\":\"Yogath\u00e9rapeute\",\"potentialAction\":[{\"@type\":\"SearchAction\",\"target\":{\"@type\":\"EntryPoint\",\"urlTemplate\":\"https:\\\/\\\/yoga-doc-marion.com\\\/?s={search_term_string}\"},\"query-input\":{\"@type\":\"PropertyValueSpecification\",\"valueRequired\":true,\"valueName\":\"search_term_string\"}}],\"inLanguage\":\"en-US\"}]}<\/script>\n<!-- \/ Yoast SEO Premium plugin. -->","yoast_head_json":{"title":"Tarifs Yogath\u00e9rapie & Cours de Yoga \u00e0 Biarritz | Yoga Doc Marion","description":"Tarifs des s\u00e9ances de yogath\u00e9rapie et cours de yoga \u00e0 Biarritz. S\u00e9ances individuelles sur-mesure et cours collectifs au Pays Basque.","robots":{"index":"index","follow":"follow","max-snippet":"max-snippet:-1","max-image-preview":"max-image-preview:large","max-video-preview":"max-video-preview:-1"},"canonical":"http:\/\/yoga-doc-marion.com\/index.php\/tarifs\/","og_locale":"en_US","og_type":"article","og_title":"Tarifs","og_description":"Tarifs des s\u00e9ances de yogath\u00e9rapie et cours de yoga \u00e0 Biarritz. S\u00e9ances individuelles sur-mesure et cours collectifs au Pays Basque.","og_url":"http:\/\/yoga-doc-marion.com\/index.php\/tarifs\/","og_site_name":"Yoga Doc Marion","article_modified_time":"2026-04-29T09:43:05+00:00","og_image":[{"width":2560,"height":1536,"url":"http:\/\/yoga-doc-marion.com\/wp-content\/uploads\/2025\/12\/20171224_155923.jpg","type":"image\/jpeg"}],"twitter_card":"summary_large_image","twitter_misc":{"Est. reading time":"6 minutes"},"schema":{"@context":"https:\/\/schema.org","@graph":[{"@type":"WebPage","@id":"http:\/\/yoga-doc-marion.com\/index.php\/tarifs\/","url":"http:\/\/yoga-doc-marion.com\/index.php\/tarifs\/","name":"Tarifs Yogath\u00e9rapie & Cours de Yoga \u00e0 Biarritz | Yoga Doc Marion","isPartOf":{"@id":"https:\/\/yoga-doc-marion.com\/#website"},"primaryImageOfPage":{"@id":"http:\/\/yoga-doc-marion.com\/index.php\/tarifs\/#primaryimage"},"image":{"@id":"http:\/\/yoga-doc-marion.com\/index.php\/tarifs\/#primaryimage"},"thumbnailUrl":"https:\/\/yoga-doc-marion.com\/wp-content\/uploads\/2025\/12\/20171224_155923.jpg","datePublished":"2026-01-03T10:32:37+00:00","dateModified":"2026-04-29T09:43:05+00:00","description":"Tarifs des s\u00e9ances de yogath\u00e9rapie et cours de yoga \u00e0 Biarritz. S\u00e9ances individuelles sur-mesure et cours collectifs au Pays Basque.","breadcrumb":{"@id":"http:\/\/yoga-doc-marion.com\/index.php\/tarifs\/#breadcrumb"},"inLanguage":"en-US","potentialAction":[{"@type":"ReadAction","target":["http:\/\/yoga-doc-marion.com\/index.php\/tarifs\/"]}]},{"@type":"ImageObject","inLanguage":"en-US","@id":"http:\/\/yoga-doc-marion.com\/index.php\/tarifs\/#primaryimage","url":"https:\/\/yoga-doc-marion.com\/wp-content\/uploads\/2025\/12\/20171224_155923.jpg","contentUrl":"https:\/\/yoga-doc-marion.com\/wp-content\/uploads\/2025\/12\/20171224_155923.jpg","width":2560,"height":1536},{"@type":"BreadcrumbList","@id":"http:\/\/yoga-doc-marion.com\/index.php\/tarifs\/#breadcrumb","itemListElement":[{"@type":"ListItem","position":1,"name":"Home","item":"https:\/\/yoga-doc-marion.com\/"},{"@type":"ListItem","position":2,"name":"Tarifs"}]},{"@type":"WebSite","@id":"https:\/\/yoga-doc-marion.com\/#website","url":"https:\/\/yoga-doc-marion.com\/","name":"Yoga Doc Marion","description":"Yogath\u00e9rapeute","potentialAction":[{"@type":"SearchAction","target":{"@type":"EntryPoint","urlTemplate":"https:\/\/yoga-doc-marion.com\/?s={search_term_string}"},"query-input":{"@type":"PropertyValueSpecification","valueRequired":true,"valueName":"search_term_string"}}],"inLanguage":"en-US"}]}},"_links":{"self":[{"href":"https:\/\/yoga-doc-marion.com\/index.php\/wp-json\/wp\/v2\/pages\/347","targetHints":{"allow":["GET"]}}],"collection":[{"href":"https:\/\/yoga-doc-marion.com\/index.php\/wp-json\/wp\/v2\/pages"}],"about":[{"href":"https:\/\/yoga-doc-marion.com\/index.php\/wp-json\/wp\/v2\/types\/page"}],"author":[{"embeddable":true,"href":"https:\/\/yoga-doc-marion.com\/index.php\/wp-json\/wp\/v2\/users\/1"}],"replies":[{"embeddable":true,"href":"https:\/\/yoga-doc-marion.com\/index.php\/wp-json\/wp\/v2\/comments?post=347"}],"version-history":[{"count":11,"href":"https:\/\/yoga-doc-marion.com\/index.php\/wp-json\/wp\/v2\/pages\/347\/revisions"}],"predecessor-version":[{"id":775,"href":"https:\/\/yoga-doc-marion.com\/index.php\/wp-json\/wp\/v2\/pages\/347\/revisions\/775"}],"wp:featuredmedia":[{"embeddable":true,"href":"https:\/\/yoga-doc-marion.com\/index.php\/wp-json\/wp\/v2\/media\/421"}],"wp:attachment":[{"href":"https:\/\/yoga-doc-marion.com\/index.php\/wp-json\/wp\/v2\/media?parent=347"}],"curies":[{"name":"wp","href":"https:\/\/api.w.org\/{rel}","templated":true}]}}