{"id":11,"date":"2025-10-01T16:24:47","date_gmt":"2025-10-01T16:24:47","guid":{"rendered":"http:\/\/yogadok.cluster021.hosting.ovh.net\/?page_id=11"},"modified":"2026-04-29T14:35:10","modified_gmt":"2026-04-29T12:35:10","slug":"me-contacter","status":"publish","type":"page","link":"https:\/\/yoga-doc-marion.com\/index.php\/me-contacter\/","title":{"rendered":"Me contacter"},"content":{"rendered":"\n\n\n<p><\/p>\n\n\n\n<p>Vous souhaitez <strong>prendre rendez-vous pour un accompagnement en yogath\u00e9rapie<\/strong> ou <strong>r\u00e9server un cours de yoga au Pays Basque<\/strong> ? Vous avez <strong>une question<\/strong> sur les accompagnements propos\u00e9s, les tarifs, ou souhaitez discuter d&#8217;une collaboration ou d&#8217;un \u00e9v\u00e9nement privatis\u00e9 ? <strong>Contactez-moi !<\/strong><\/p>\n\n\n\n<p><\/p>\n\n\n\n<div class=\"wp-block-media-text is-stacked-on-mobile\" style=\"grid-template-columns:34% auto\"><figure class=\"wp-block-media-text__media\"><img loading=\"lazy\" decoding=\"async\" width=\"1024\" height=\"947\" src=\"http:\/\/yogadok.cluster021.hosting.ovh.net\/wp-content\/uploads\/2025\/10\/Unautrejourdesoleil-Portraits-\u00a9Olivia-Fourets-17-Copie-1024x947.jpg\" alt=\"\" class=\"wp-image-14 size-full\" srcset=\"https:\/\/yoga-doc-marion.com\/wp-content\/uploads\/2025\/10\/Unautrejourdesoleil-Portraits-\u00a9Olivia-Fourets-17-Copie-1024x947.jpg 1024w, https:\/\/yoga-doc-marion.com\/wp-content\/uploads\/2025\/10\/Unautrejourdesoleil-Portraits-\u00a9Olivia-Fourets-17-Copie-300x277.jpg 300w, https:\/\/yoga-doc-marion.com\/wp-content\/uploads\/2025\/10\/Unautrejourdesoleil-Portraits-\u00a9Olivia-Fourets-17-Copie-768x710.jpg 768w, https:\/\/yoga-doc-marion.com\/wp-content\/uploads\/2025\/10\/Unautrejourdesoleil-Portraits-\u00a9Olivia-Fourets-17-Copie-1536x1421.jpg 1536w, https:\/\/yoga-doc-marion.com\/wp-content\/uploads\/2025\/10\/Unautrejourdesoleil-Portraits-\u00a9Olivia-Fourets-17-Copie-2048x1894.jpg 2048w\" sizes=\"auto, (max-width: 1024px) 100vw, 1024px\" \/><\/figure><div class=\"wp-block-media-text__content\">\n<p>Je r\u00e9ponds \u00e0 toutes vos demandes concernant les <strong>s\u00e9ances de yogath\u00e9rapie individuelles<\/strong>, les <strong>cours particuliers ou collectifs de yoga<\/strong> \u00e0 Biarritz et au Pays Basque, ainsi que les <strong>interventions en entreprise ou en \u00e9tablissement de sant\u00e9<\/strong>.<br><\/p>\n\n\n\n<p><\/p>\n\n\n\n<p><span class=\"wp-rich-text-font-awesome-icon wp-font-awesome-icon\"><svg aria-hidden=\"true\" focusable=\"false\" data-prefix=\"fas\" data-icon=\"envelope\" class=\"svg-inline--fa fa-envelope \" role=\"img\" xmlns=\"http:\/\/www.w3.org\/2000\/svg\" viewBox=\"0 0 512 512\"><path fill=\"currentColor\" d=\"M48 64c-26.5 0-48 21.5-48 48 0 15.1 7.1 29.3 19.2 38.4l208 156c17.1 12.8 40.5 12.8 57.6 0l208-156c12.1-9.1 19.2-23.3 19.2-38.4 0-26.5-21.5-48-48-48L48 64zM0 196L0 384c0 35.3 28.7 64 64 64l384 0c35.3 0 64-28.7 64-64l0-188-198.4 148.8c-34.1 25.6-81.1 25.6-115.2 0L0 196z\"><\/path><\/svg><\/span> <a href=\"mailto:yoga.doc.marion@gmail.com\">yoga.doc.marion@gmail.com<\/a><\/p>\n\n\n\n<p>&nbsp;<span class=\"wp-rich-text-font-awesome-icon wp-font-awesome-icon\"><svg aria-hidden=\"true\" focusable=\"false\" data-prefix=\"fas\" data-icon=\"phone\" class=\"svg-inline--fa fa-phone \" role=\"img\" xmlns=\"http:\/\/www.w3.org\/2000\/svg\" viewBox=\"0 0 512 512\"><path fill=\"currentColor\" d=\"M160.2 25C152.3 6.1 131.7-3.9 112.1 1.4l-5.5 1.5c-64.6 17.6-119.8 80.2-103.7 156.4 37.1 175 174.8 312.7 349.8 349.8 76.3 16.2 138.8-39.1 156.4-103.7l1.5-5.5c5.4-19.7-4.7-40.3-23.5-48.1l-97.3-40.5c-16.5-6.9-35.6-2.1-47 11.8l-38.6 47.2C233.9 335.4 177.3 277 144.8 205.3L189 169.3c13.9-11.3 18.6-30.4 11.8-47L160.2 25z\"><\/path><\/svg><\/span> +33 (0) 6 72 46 43 02<\/p>\n\n\n\n<p><span class=\"wp-rich-text-font-awesome-icon wp-font-awesome-icon\"><svg aria-hidden=\"true\" focusable=\"false\" data-prefix=\"fab\" data-icon=\"instagram\" class=\"svg-inline--fa fa-instagram \" role=\"img\" xmlns=\"http:\/\/www.w3.org\/2000\/svg\" viewBox=\"0 0 448 512\"><path fill=\"currentColor\" d=\"M224.3 141a115 115 0 1 0 -.6 230 115 115 0 1 0 .6-230zm-.6 40.4a74.6 74.6 0 1 1 .6 149.2 74.6 74.6 0 1 1 -.6-149.2zm93.4-45.1a26.8 26.8 0 1 1 53.6 0 26.8 26.8 0 1 1 -53.6 0zm129.7 27.2c-1.7-35.9-9.9-67.7-36.2-93.9-26.2-26.2-58-34.4-93.9-36.2-37-2.1-147.9-2.1-184.9 0-35.8 1.7-67.6 9.9-93.9 36.1s-34.4 58-36.2 93.9c-2.1 37-2.1 147.9 0 184.9 1.7 35.9 9.9 67.7 36.2 93.9s58 34.4 93.9 36.2c37 2.1 147.9 2.1 184.9 0 35.9-1.7 67.7-9.9 93.9-36.2 26.2-26.2 34.4-58 36.2-93.9 2.1-37 2.1-147.8 0-184.8zM399 388c-7.8 19.6-22.9 34.7-42.6 42.6-29.5 11.7-99.5 9-132.1 9s-102.7 2.6-132.1-9c-19.6-7.8-34.7-22.9-42.6-42.6-11.7-29.5-9-99.5-9-132.1s-2.6-102.7 9-132.1c7.8-19.6 22.9-34.7 42.6-42.6 29.5-11.7 99.5-9 132.1-9s102.7-2.6 132.1 9c19.6 7.8 34.7 22.9 42.6 42.6 11.7 29.5 9 99.5 9 132.1s2.7 102.7-9 132.1z\"><\/path><\/svg><\/span> <a href=\"https:\/\/www.instagram.com\/yoga.doc.marion\" target=\"_blank\" rel=\"noreferrer noopener nofollow\">yoga.doc.marion<\/a><\/p>\n\n\n\n<p><span class=\"wp-rich-text-font-awesome-icon wp-font-awesome-icon\"><svg aria-hidden=\"true\" focusable=\"false\" data-prefix=\"fab\" data-icon=\"linkedin\" class=\"svg-inline--fa fa-linkedin \" role=\"img\" xmlns=\"http:\/\/www.w3.org\/2000\/svg\" viewBox=\"0 0 448 512\"><path fill=\"currentColor\" d=\"M416 32L31.9 32C14.3 32 0 46.5 0 64.3L0 447.7C0 465.5 14.3 480 31.9 480L416 480c17.6 0 32-14.5 32-32.3l0-383.4C448 46.5 433.6 32 416 32zM135.4 416l-66.4 0 0-213.8 66.5 0 0 213.8-.1 0zM102.2 96a38.5 38.5 0 1 1 0 77 38.5 38.5 0 1 1 0-77zM384.3 416l-66.4 0 0-104c0-24.8-.5-56.7-34.5-56.7-34.6 0-39.9 27-39.9 54.9l0 105.8-66.4 0 0-213.8 63.7 0 0 29.2 .9 0c8.9-16.8 30.6-34.5 62.9-34.5 67.2 0 79.7 44.3 79.7 101.9l0 117.2z\"><\/path><\/svg><\/span> <a href=\"https:\/\/www.linkedin.com\/in\/marion-gouache-653988305\" target=\"_blank\" rel=\"noreferrer noopener nofollow\">Marion Gouache<\/a><\/p>\n\n\n\n<p><\/p>\n<\/div><\/div>\n\n\n\n<p><\/p>\n\n\n\n<p><strong>Ecrivez-moi <\/strong>pour <strong>d\u00e9terminer ensemble<\/strong> si un accompagnement en yogath\u00e9rapie ou des cours de yoga correspondent \u00e0 <strong>vos besoins<\/strong>.<\/p>\n\n\n\n<p><\/p>\n\n\n\n<hr class=\"wp-block-separator has-alpha-channel-opacity\"\/>\n\n\n\n<div class=\"wp-block-buttons has-custom-font-size has-small-font-size is-content-justification-center is-layout-flex wp-container-core-buttons-is-layout-16018d1d wp-block-buttons-is-layout-flex\">\n<div class=\"wp-block-button\"><a class=\"wp-block-button__link has-background wp-element-button\" href=\"https:\/\/yoga-doc-marion.com\/index.php\/qui-suis-je\/\" style=\"background-color:#126591\"><span class=\"wp-rich-text-font-awesome-icon wp-font-awesome-icon\"><svg aria-hidden=\"true\" focusable=\"false\" data-prefix=\"fas\" data-icon=\"comment-dots\" class=\"svg-inline--fa fa-comment-dots \" role=\"img\" xmlns=\"http:\/\/www.w3.org\/2000\/svg\" viewBox=\"0 0 512 512\"><path fill=\"currentColor\" d=\"M256 480c141.4 0 256-107.5 256-240S397.4 0 256 0 0 107.5 0 240c0 54.3 19.2 104.3 51.6 144.5L2.8 476.8c-4.8 9-3.3 20 3.6 27.5s17.8 9.8 27.1 5.8l118.4-50.7C183.7 472.6 218.9 480 256 480zM128 208a32 32 0 1 1 0 64 32 32 0 1 1 0-64zm128 0a32 32 0 1 1 0 64 32 32 0 1 1 0-64zm96 32a32 32 0 1 1 64 0 32 32 0 1 1 -64 0z\"><\/path><\/svg><\/span> Qui suis-je ?<\/a><\/div>\n\n\n\n<div class=\"wp-block-button\"><a class=\"wp-block-button__link has-background wp-element-button\" href=\"https:\/\/yoga-doc-marion.com\/index.php\/mes-accompagnements\/\" style=\"background-color:#126591\"><span class=\"wp-rich-text-font-awesome-icon wp-font-awesome-icon\"><svg aria-hidden=\"true\" focusable=\"false\" data-prefix=\"fas\" data-icon=\"heart\" class=\"svg-inline--fa fa-heart \" role=\"img\" xmlns=\"http:\/\/www.w3.org\/2000\/svg\" viewBox=\"0 0 512 512\"><path fill=\"currentColor\" d=\"M241 87.1l15 20.7 15-20.7C296 52.5 336.2 32 378.9 32 452.4 32 512 91.6 512 165.1l0 2.6c0 112.2-139.9 242.5-212.9 298.2-12.4 9.4-27.6 14.1-43.1 14.1s-30.8-4.6-43.1-14.1C139.9 410.2 0 279.9 0 167.7l0-2.6C0 91.6 59.6 32 133.1 32 175.8 32 216 52.5 241 87.1z\"><\/path><\/svg><\/span> Mes accompagnements<\/a><\/div>\n\n\n\n<div class=\"wp-block-button\"><a class=\"wp-block-button__link has-background wp-element-button\" href=\"https:\/\/yoga-doc-marion.com\/index.php\/tarifs\/\" style=\"background-color:#126591\"><span class=\"wp-rich-text-font-awesome-icon wp-font-awesome-icon\"><svg aria-hidden=\"true\" focusable=\"false\" data-prefix=\"fas\" data-icon=\"tag\" class=\"svg-inline--fa fa-tag \" role=\"img\" xmlns=\"http:\/\/www.w3.org\/2000\/svg\" viewBox=\"0 0 512 512\"><path fill=\"currentColor\" d=\"M32.5 96l0 149.5c0 17 6.7 33.3 18.7 45.3l192 192c25 25 65.5 25 90.5 0L483.2 333.3c25-25 25-65.5 0-90.5l-192-192C279.2 38.7 263 32 246 32L96.5 32c-35.3 0-64 28.7-64 64zm112 16a32 32 0 1 1 0 64 32 32 0 1 1 0-64z\"><\/path><\/svg><\/span> Tarifs<\/a><\/div>\n\n\n\n<div class=\"wp-block-button\"><a class=\"wp-block-button__link has-background wp-element-button\" href=\"https:\/\/yoga-doc-marion.com\/index.php\/faq\" style=\"background-color:#126591\"><span class=\"wp-rich-text-font-awesome-icon wp-font-awesome-icon\"><svg aria-hidden=\"true\" focusable=\"false\" data-prefix=\"fas\" data-icon=\"spa\" class=\"svg-inline--fa fa-spa \" role=\"img\" xmlns=\"http:\/\/www.w3.org\/2000\/svg\" viewBox=\"0 0 576 512\"><path fill=\"currentColor\" d=\"M169.7 227.5c34.3 18.7 64.5 44.1 88.8 74.5 11.1 13.9 21 28.9 29.4 44.8 8.5-15.9 18.3-30.8 29.4-44.8 24.3-30.5 54.5-55.9 88.8-74.5 41.7-22.7 89.4-35.5 139.7-35.5l9.9 0c11.1 0 20.1 9 20.1 20.1 0 148-119.9 267.9-267.9 267.9l-40.2 0C119.9 480 0 360.1 0 212.1 0 201 9 192 20.1 192l9.9 0c50.4 0 98.1 12.8 139.7 35.5zM303.9 38c16.9 15.9 61.4 63.4 89 142.3-40.1 20.2-75.8 48.2-104.9 82.1-29.2-33.9-64.8-61.8-104.9-82.1 27.6-78.9 72.2-126.4 89-142.3 4.3-4.1 10-6 15.9-6s11.6 2 15.9 6z\"><\/path><\/svg><\/span> La Yogath\u00e9rapie<\/a><\/div>\n<\/div>\n\n\n\n<hr class=\"wp-block-separator has-alpha-channel-opacity\"\/>\n\n\n\n<p><\/p>\n\n\n\n<iframe src=\"https:\/\/www.google.com\/maps\/embed?pb=!1m18!1m12!1m3!1d55512.32043287783!2d-1.6126912024128468!3d43.45443850451076!2m3!1f0!2f0!3f0!3m2!1i1024!2i768!4f13.1!3m3!1m2!1s0x6b556e6fb73a9791%3A0x200a6063d8252a7c!2sYoga%20Doc%20Marion!5e1!3m2!1sfr!2sfr!4v1765034815051!5m2!1sfr!2sfr\" width=\"600\" height=\"450\" style=\"border:0;\" allowfullscreen=\"\" loading=\"lazy\" referrerpolicy=\"no-referrer-when-downgrade\"><\/iframe>\n\n\n\n<p><\/p>\n","protected":false},"excerpt":{"rendered":"<p>Vous souhaitez prendre rendez-vous pour un accompagnement en yogath\u00e9rapie ou r\u00e9server un cours de yoga au Pays Basque ? Vous avez une question sur les accompagnements propos\u00e9s, les tarifs, ou souhaitez discuter d&#8217;une collaboration ou d&#8217;un \u00e9v\u00e9nement privatis\u00e9 ? Contactez-moi ! Je r\u00e9ponds \u00e0 toutes vos demandes concernant les s\u00e9ances de yogath\u00e9rapie individuelles, les cours particuliers ou collectifs de yoga \u00e0 Biarritz et au Pays Basque, ainsi que les interventions en entreprise ou en \u00e9tablissement de sant\u00e9. yoga.doc.marion@gmail.com &nbsp; +33 (0) 6 72 46 43 02 yoga.doc.marion Marion Gouache Ecrivez-moi pour d\u00e9terminer ensemble si un accompagnement en yogath\u00e9rapie ou des cours de yoga correspondent \u00e0 vos besoins.<\/p>\n","protected":false},"author":1,"featured_media":78,"parent":0,"menu_order":0,"comment_status":"closed","ping_status":"closed","template":"","meta":{"footnotes":""},"class_list":["post-11","page","type-page","status-publish","has-post-thumbnail"],"yoast_head":"<!-- This site is optimized with the Yoast SEO Premium plugin v26.7 (Yoast SEO v27.5) - https:\/\/yoast.com\/product\/yoast-seo-premium-wordpress\/ -->\n<title>Contacter Marion \u2013 Yoga &amp; Yogath\u00e9rapie au Pays Basque | Yoga Doc Marion<\/title>\n<meta name=\"description\" content=\"Contactez Marion, yogath\u00e9rapeute au Pays Basque, pour un accompagnement en yogath\u00e9rapie, un cours de yoga ou pour toute collaboration.\" \/>\n<meta name=\"robots\" content=\"index, follow, max-snippet:-1, max-image-preview:large, max-video-preview:-1\" \/>\n<link rel=\"canonical\" href=\"http:\/\/yoga-doc-marion.com\/index.php\/me-contacter\/\" \/>\n<meta property=\"og:locale\" content=\"en_US\" \/>\n<meta property=\"og:type\" content=\"article\" \/>\n<meta property=\"og:title\" content=\"Me contacter\" \/>\n<meta property=\"og:description\" content=\"Contactez Marion, yogath\u00e9rapeute au Pays Basque, pour un accompagnement en yogath\u00e9rapie, un cours de yoga ou pour toute collaboration.\" \/>\n<meta property=\"og:url\" content=\"http:\/\/yoga-doc-marion.com\/index.php\/me-contacter\/\" \/>\n<meta property=\"og:site_name\" content=\"Yoga Doc Marion\" \/>\n<meta property=\"article:modified_time\" content=\"2026-04-29T12:35:10+00:00\" \/>\n<meta property=\"og:image\" content=\"http:\/\/yoga-doc-marion.com\/wp-content\/uploads\/2025\/10\/IMG_20200503_212747-scaled-e1759504842546.jpg\" \/>\n\t<meta property=\"og:image:width\" content=\"2560\" \/>\n\t<meta property=\"og:image:height\" content=\"1100\" \/>\n\t<meta property=\"og:image:type\" content=\"image\/jpeg\" \/>\n<meta name=\"twitter:card\" content=\"summary_large_image\" \/>\n<meta name=\"twitter:label1\" content=\"Est. reading time\" \/>\n\t<meta name=\"twitter:data1\" content=\"2 minutes\" \/>\n<script type=\"application\/ld+json\" class=\"yoast-schema-graph\">{\"@context\":\"https:\\\/\\\/schema.org\",\"@graph\":[{\"@type\":\"WebPage\",\"@id\":\"http:\\\/\\\/yoga-doc-marion.com\\\/index.php\\\/me-contacter\\\/\",\"url\":\"http:\\\/\\\/yoga-doc-marion.com\\\/index.php\\\/me-contacter\\\/\",\"name\":\"Contacter Marion \u2013 Yoga & Yogath\u00e9rapie au Pays Basque | Yoga Doc Marion\",\"isPartOf\":{\"@id\":\"https:\\\/\\\/yoga-doc-marion.com\\\/#website\"},\"primaryImageOfPage\":{\"@id\":\"http:\\\/\\\/yoga-doc-marion.com\\\/index.php\\\/me-contacter\\\/#primaryimage\"},\"image\":{\"@id\":\"http:\\\/\\\/yoga-doc-marion.com\\\/index.php\\\/me-contacter\\\/#primaryimage\"},\"thumbnailUrl\":\"https:\\\/\\\/yoga-doc-marion.com\\\/wp-content\\\/uploads\\\/2025\\\/10\\\/IMG_20200503_212747-scaled-e1759504842546.jpg\",\"datePublished\":\"2025-10-01T16:24:47+00:00\",\"dateModified\":\"2026-04-29T12:35:10+00:00\",\"description\":\"Contactez Marion, yogath\u00e9rapeute au Pays Basque, pour un accompagnement en yogath\u00e9rapie, un cours de yoga ou pour toute collaboration.\",\"breadcrumb\":{\"@id\":\"http:\\\/\\\/yoga-doc-marion.com\\\/index.php\\\/me-contacter\\\/#breadcrumb\"},\"inLanguage\":\"en-US\",\"potentialAction\":[{\"@type\":\"ReadAction\",\"target\":[\"http:\\\/\\\/yoga-doc-marion.com\\\/index.php\\\/me-contacter\\\/\"]}]},{\"@type\":\"ImageObject\",\"inLanguage\":\"en-US\",\"@id\":\"http:\\\/\\\/yoga-doc-marion.com\\\/index.php\\\/me-contacter\\\/#primaryimage\",\"url\":\"https:\\\/\\\/yoga-doc-marion.com\\\/wp-content\\\/uploads\\\/2025\\\/10\\\/IMG_20200503_212747-scaled-e1759504842546.jpg\",\"contentUrl\":\"https:\\\/\\\/yoga-doc-marion.com\\\/wp-content\\\/uploads\\\/2025\\\/10\\\/IMG_20200503_212747-scaled-e1759504842546.jpg\",\"width\":2560,\"height\":1100},{\"@type\":\"BreadcrumbList\",\"@id\":\"http:\\\/\\\/yoga-doc-marion.com\\\/index.php\\\/me-contacter\\\/#breadcrumb\",\"itemListElement\":[{\"@type\":\"ListItem\",\"position\":1,\"name\":\"Home\",\"item\":\"https:\\\/\\\/yoga-doc-marion.com\\\/\"},{\"@type\":\"ListItem\",\"position\":2,\"name\":\"Me contacter\"}]},{\"@type\":\"WebSite\",\"@id\":\"https:\\\/\\\/yoga-doc-marion.com\\\/#website\",\"url\":\"https:\\\/\\\/yoga-doc-marion.com\\\/\",\"name\":\"Yoga Doc Marion\",\"description\":\"Yogath\u00e9rapeute\",\"potentialAction\":[{\"@type\":\"SearchAction\",\"target\":{\"@type\":\"EntryPoint\",\"urlTemplate\":\"https:\\\/\\\/yoga-doc-marion.com\\\/?s={search_term_string}\"},\"query-input\":{\"@type\":\"PropertyValueSpecification\",\"valueRequired\":true,\"valueName\":\"search_term_string\"}}],\"inLanguage\":\"en-US\"}]}<\/script>\n<!-- \/ Yoast SEO Premium plugin. -->","yoast_head_json":{"title":"Contacter Marion \u2013 Yoga & Yogath\u00e9rapie au Pays Basque | Yoga Doc Marion","description":"Contactez Marion, yogath\u00e9rapeute au Pays Basque, pour un accompagnement en yogath\u00e9rapie, un cours de yoga ou pour toute collaboration.","robots":{"index":"index","follow":"follow","max-snippet":"max-snippet:-1","max-image-preview":"max-image-preview:large","max-video-preview":"max-video-preview:-1"},"canonical":"http:\/\/yoga-doc-marion.com\/index.php\/me-contacter\/","og_locale":"en_US","og_type":"article","og_title":"Me contacter","og_description":"Contactez Marion, yogath\u00e9rapeute au Pays Basque, pour un accompagnement en yogath\u00e9rapie, un cours de yoga ou pour toute collaboration.","og_url":"http:\/\/yoga-doc-marion.com\/index.php\/me-contacter\/","og_site_name":"Yoga Doc Marion","article_modified_time":"2026-04-29T12:35:10+00:00","og_image":[{"width":2560,"height":1100,"url":"http:\/\/yoga-doc-marion.com\/wp-content\/uploads\/2025\/10\/IMG_20200503_212747-scaled-e1759504842546.jpg","type":"image\/jpeg"}],"twitter_card":"summary_large_image","twitter_misc":{"Est. reading time":"2 minutes"},"schema":{"@context":"https:\/\/schema.org","@graph":[{"@type":"WebPage","@id":"http:\/\/yoga-doc-marion.com\/index.php\/me-contacter\/","url":"http:\/\/yoga-doc-marion.com\/index.php\/me-contacter\/","name":"Contacter Marion \u2013 Yoga & Yogath\u00e9rapie au Pays Basque | Yoga Doc Marion","isPartOf":{"@id":"https:\/\/yoga-doc-marion.com\/#website"},"primaryImageOfPage":{"@id":"http:\/\/yoga-doc-marion.com\/index.php\/me-contacter\/#primaryimage"},"image":{"@id":"http:\/\/yoga-doc-marion.com\/index.php\/me-contacter\/#primaryimage"},"thumbnailUrl":"https:\/\/yoga-doc-marion.com\/wp-content\/uploads\/2025\/10\/IMG_20200503_212747-scaled-e1759504842546.jpg","datePublished":"2025-10-01T16:24:47+00:00","dateModified":"2026-04-29T12:35:10+00:00","description":"Contactez Marion, yogath\u00e9rapeute au Pays Basque, pour un accompagnement en yogath\u00e9rapie, un cours de yoga ou pour toute collaboration.","breadcrumb":{"@id":"http:\/\/yoga-doc-marion.com\/index.php\/me-contacter\/#breadcrumb"},"inLanguage":"en-US","potentialAction":[{"@type":"ReadAction","target":["http:\/\/yoga-doc-marion.com\/index.php\/me-contacter\/"]}]},{"@type":"ImageObject","inLanguage":"en-US","@id":"http:\/\/yoga-doc-marion.com\/index.php\/me-contacter\/#primaryimage","url":"https:\/\/yoga-doc-marion.com\/wp-content\/uploads\/2025\/10\/IMG_20200503_212747-scaled-e1759504842546.jpg","contentUrl":"https:\/\/yoga-doc-marion.com\/wp-content\/uploads\/2025\/10\/IMG_20200503_212747-scaled-e1759504842546.jpg","width":2560,"height":1100},{"@type":"BreadcrumbList","@id":"http:\/\/yoga-doc-marion.com\/index.php\/me-contacter\/#breadcrumb","itemListElement":[{"@type":"ListItem","position":1,"name":"Home","item":"https:\/\/yoga-doc-marion.com\/"},{"@type":"ListItem","position":2,"name":"Me contacter"}]},{"@type":"WebSite","@id":"https:\/\/yoga-doc-marion.com\/#website","url":"https:\/\/yoga-doc-marion.com\/","name":"Yoga Doc Marion","description":"Yogath\u00e9rapeute","potentialAction":[{"@type":"SearchAction","target":{"@type":"EntryPoint","urlTemplate":"https:\/\/yoga-doc-marion.com\/?s={search_term_string}"},"query-input":{"@type":"PropertyValueSpecification","valueRequired":true,"valueName":"search_term_string"}}],"inLanguage":"en-US"}]}},"_links":{"self":[{"href":"https:\/\/yoga-doc-marion.com\/index.php\/wp-json\/wp\/v2\/pages\/11","targetHints":{"allow":["GET"]}}],"collection":[{"href":"https:\/\/yoga-doc-marion.com\/index.php\/wp-json\/wp\/v2\/pages"}],"about":[{"href":"https:\/\/yoga-doc-marion.com\/index.php\/wp-json\/wp\/v2\/types\/page"}],"author":[{"embeddable":true,"href":"https:\/\/yoga-doc-marion.com\/index.php\/wp-json\/wp\/v2\/users\/1"}],"replies":[{"embeddable":true,"href":"https:\/\/yoga-doc-marion.com\/index.php\/wp-json\/wp\/v2\/comments?post=11"}],"version-history":[{"count":9,"href":"https:\/\/yoga-doc-marion.com\/index.php\/wp-json\/wp\/v2\/pages\/11\/revisions"}],"predecessor-version":[{"id":782,"href":"https:\/\/yoga-doc-marion.com\/index.php\/wp-json\/wp\/v2\/pages\/11\/revisions\/782"}],"wp:featuredmedia":[{"embeddable":true,"href":"https:\/\/yoga-doc-marion.com\/index.php\/wp-json\/wp\/v2\/media\/78"}],"wp:attachment":[{"href":"https:\/\/yoga-doc-marion.com\/index.php\/wp-json\/wp\/v2\/media?parent=11"}],"curies":[{"name":"wp","href":"https:\/\/api.w.org\/{rel}","templated":true}]}}